{"id":338,"date":"2020-02-20T15:38:11","date_gmt":"2020-02-20T15:38:11","guid":{"rendered":"http:\/\/csc-telecom.local\/?page_id=338"},"modified":"2020-04-10T11:40:19","modified_gmt":"2020-04-10T11:40:19","slug":"smart-city-and-country","status":"publish","type":"page","link":"https:\/\/csc.lv\/lv\/smart-city-and-country\/","title":{"rendered":"Vieda pils\u0113ta un valsts"},"content":{"rendered":"\r\n\r\n    <div class=\"container default\">\r\n\r\n\n\n\r\n\r\r\n<div class=\"csc-block-hero-block csc-block bg-cover js-lazy  no-text-col\" data-src=\"https:\/\/csc.lv\/wp-content\/uploads\/2020\/03\/architecture-building-glass-164572-1920x1280.jpg\" data-an-type=\"single\" data-an=\"fade-in-from-bottom\">\r\r\n    <div class=\"block-content container narrow-2 flex\">\r\r\n\r\r\n        <div class=\"title-col\">\r\r\n            \r\n                <h2 class=\"title h1 small c-white\">Vieda pils\u0113ta un valsts<\/h2>\r\r\n            \r\n        <\/div>\r\r\n\r\r\n        \r\n\r\r\n    <\/div>\r\r\n<\/div>\n\n\r\n\r\n\r\n<div class=\"csc-block-spacer csc-block\" id=\"spacer-block_5e564597068ba\">\r\n\r\n    <style>\r\n\r\n        #spacer-block_5e564597068ba {\r\n\r\n            height: 33px;\r\n\r\n        }\r\n\r\n\r\n\r\n        \r\n\r\n\r\n        \r\n    <\/style>\r\n\r\n<\/div>\n\n\r\n\r\n    <\/div>\r\n\r\n\n\n\r\n\r\n    <div class=\"container narrow-4\">\r\n\r\n\n\n\n<div class=\"wp-block-columns main-columns sidebar-justify is-layout-flex wp-container-core-columns-is-layout-9d6595d7 wp-block-columns-is-layout-flex\">\n<div class=\"wp-block-column is-layout-flow wp-block-column-is-layout-flow\" style=\"flex-basis:33.33%\">\r\n\r\n\r\n<div class=\"csc-block-quote  csc-block\" data-an-type=\"single\" data-an=\"fade-in-from-bottom\">\r\n\r\n    <div class=\"quote editor\"><p>\u201c\u2026ar jauniem un inovat\u012bvajiem produktiem EIS katalog\u0101 iek\u013c\u016bt nav iesp\u0113jams l\u012bdz br\u012bdim, kad \u0161\u012bs produkts b\u016bs piepras\u012bts valsts sektor\u0101.\u201d<\/p>\n<\/div>\r\n\r\n<\/div>\n\n\r\n\r\n\r\n<div class=\"csc-block-quote  csc-block\" data-an-type=\"single\" data-an=\"fade-in-from-bottom\">\r\n\r\n    <div class=\"quote editor\"><p>\u201cEsat iev\u0113roju\u0161i, ka jaunie\u0161i komunic\u0113? Vi\u0146i nezvana. Vi\u0146i sarakst\u0101s \u2013 \u010dats, sms, soci\u0101lie t\u012bkli, e-pasts.\u201d <\/p>\n<\/div>\r\n\r\n<\/div><\/div>\n\n\n\n<div class=\"wp-block-column is-layout-flow wp-block-column-is-layout-flow\" style=\"flex-basis:66.66%\">\n<h4 class=\"wp-block-heading\">M\u0113s, valsts l\u012bmen\u012b, strauji att\u012bstamies digitaliz\u0101cijas jom\u0101. Protams viens no iemesliem ir strauja tehnolo\u0123iju att\u012bst\u012bba un otrs \u2013 piepras\u012bjums tirg\u016b p\u0113c operat\u012bv\u0101s un kvalitat\u012bv\u0101s komunik\u0101cijas.<\/h4>\n\n\n\n<p class=\"has-medium-font-size\">Ir izveidoti un att\u012bst\u0101s vair\u0101ki port\u0101li, e-pakalpojumi, kurus m\u0113s lietojam regul\u0101ri un kuri \u013coti pal\u012bdz operativi risin\u0101t da\u017e\u0101dus jaut\u0101jumus \u2013 Latvija.lv, CSDD e-pakalpojumi , e-paraksts, e-klase\u2026.<\/p>\n\n\n\n<p class=\"has-medium-font-size\">Ta\u010du m\u0113s grib\u0113tu pieverst uzman\u012bbu Elektronisko iepirkumu sist\u0113mai, kuru valsts un pa\u0161vald\u012bbu iest\u0101des ir s\u0101ku\u0161i izmantot iepirkumu sludin\u0101\u0161anai. Mums, k\u0101 pakalpojuma sniedz\u0113jam, tas \u013coti atviegloja pied\u0101v\u0101jumu sagatavo\u0161anas un iesnieg\u0161anas procesu un pie\u013caujam, ka ar\u012b valsts iest\u0101d\u0113s EIS ievie\u0161ana pal\u012bdz\u0113ja optimiz\u0113t iepirkumu komisiju darbu. Tiesa gan, EIS ir \u013coti sare\u017e\u0123\u012bta strukt\u016bra un  jaunre\u0123istr\u0113tajiem lietot\u0101jiem viegli ar to neiet. EIS - pakalpojumu katalogam \u2013 doma ir \u013coti laba, bet diem\u017e\u0113l ar jauniem un inovat\u012bvajiem produktiem taj\u0101 iek\u013c\u016bt nav iesp\u0113jams l\u012bdz br\u012bdim, kad \u0161\u012bs produkts b\u016bs piepras\u012bts valsts sektor\u0101. San\u0101k apburtais loks!<\/p>\n\n\n\n<p class=\"has-medium-font-size\">Valsts un pa\u0161vald\u012bbu p\u0101rvald\u0113 ir nov\u0113rota tendence uz centraliz\u0101ciju. \u0160eit ir svar\u012bgi neaizmirst par t\u0101s m\u0113r\u0137i, jo tai ir j\u0113ga, ja visu \u0161o saimniec\u012bbu p\u0101rvalda ar\u012b centraliz\u0113ti. Pr\u0113t\u0113j\u0101 gad\u012bjum\u0101 m\u0101ksl\u012bgi notiek konkurences samazin\u0101\u0161ana un vairs nevar run\u0101t par jaunu pakalpojumu att\u012bst\u012bbu. <\/p>\n\n\n\n<p class=\"has-medium-font-size\"> <\/p>\n\n\n\n<p class=\"has-medium-font-size\">Jauni produkti, jaun\u0101s idejas \u2026. T\u0101 ir m\u016bsu jaun\u0101 paaudze, kura \u0161obr\u012bd m\u0101c\u0101s skol\u0101s, bet jau dr\u012bz k\u013c\u016bs par pilnv\u0113rt\u012bgajiem sabiedr\u012bbas dal\u012bbniekiem. Vi\u0146i k\u013c\u016bs par valsts p\u0101rvaldes klientiem un iedz\u012bvot\u0101jiem, kuri b\u016bs \u0161o pakalpojumu lietot\u0101ji. <br>Esat iev\u0113roju\u0161i, ka jaunie\u0161i komunic\u0113? Vi\u0146i nezvana. Vi\u0146i sarakst\u0101s \u2013 \u010dats, sms, soci\u0101lie t\u012bkli, e-pasts.  <br>M\u016bsupr\u0101t, valsts un pa\u0161vald\u012bbas komunik\u0101cijai ir j\u0101k\u013c\u016bst daudz viegl\u0101kai, \u0101tr\u0101kai un pieejam\u0101kai iedz\u012bvotajiem un uz\u0146\u0113m\u0113jiem. Tikai tad mums par\u0101d\u012bsies v\u0113lme akt\u012bvi izteikt savas domas un viedokli, kad m\u0113s zin\u0101sim, ka nevajadz\u0113s braukt kl\u0101tien\u0113, lai iesniegtu \u010dupu ar dokumentiem viena z\u012bmoga d\u0113\u013c vai gaid\u012bt atbildi no valsts iest\u0101des ned\u0113\u013c\u0101m ilgi. <br>K\u0101p\u0113c pirms noteikumu vai likuma pie\u0146em\u0161anas neizveidot operat\u012bvo iedz\u012bvot\u0101ju aptauju ar balso\u0161anas sist\u0113mu par konkr\u0113to jaut\u0101jumu? Iesp\u0113jams, apjautas rezult\u0101t\u0101 taps pavisam cits \u0161\u012b jaut\u0101juma risin\u0101jums \u2026.      <\/p>\n\n\n\n<p class=\"has-medium-font-size\">Jo draudz\u012bg\u0101k\u0101 un atv\u0113rt\u0101k\u0101 b\u016bs valsts p\u0101rvaldes komunik\u0101cija ar iedz\u012bvot\u0101jiem un uz\u0146\u0113m\u0113jiem, jo viegl\u0101ka un v\u0113l strauj\u0101ka b\u016bs valsts att\u012bst\u012bba. M\u016bsu jaunie\u0161i ar inovat\u012bvo dom\u0101\u0161anu nemekl\u0113s lab\u0101kas \u201czemes\u201d, bet paliks m\u0101j\u0101s un realiz\u0113s savus sap\u0146us \u0161eit! <\/p>\n\n\n\n<p><\/p>\n\n\n\n<p><em><strong>AN\u017dELIKA \u010cI\u013bIMOVA<\/strong><\/em>, CSC Telecom valsts un pa\u0161vald\u012bbu sektora vad\u012bt\u0101ja<\/p>\n\n\n\n<p>\u201cDigitaliz\u0113ti un moderni valsts un pa\u0161vald\u012bbu komunik\u0101ciju procesi\u201d  30.04.2019.<\/p>\n<\/div>\n<\/div>\n\n\n\r\n\r\n    <\/div>\r\n\r\n\n\n\r\n\r\n\r\n<div class=\"csc-block-spacer csc-block\" id=\"spacer-block_5e564827068bb\">\r\n\r\n    <style>\r\n\r\n        #spacer-block_5e564827068bb {\r\n\r\n            height: 92px;\r\n\r\n        }\r\n\r\n\r\n\r\n        \r\n\r\n\r\n        \r\n    <\/style>\r\n\r\n<\/div>\n\n\r\n\r\n    <div class=\"container default\">\r\n\r\n\n\n\n\n\r\n\r\n\r\n<div class=\"csc-block-spacer csc-block\" id=\"spacer-block_5e56486c068bc\">\r\n\r\n    <style>\r\n\r\n        #spacer-block_5e56486c068bc {\r\n\r\n            height: 90px;\r\n\r\n        }\r\n\r\n\r\n\r\n        \r\n\r\n\r\n        \r\n    <\/style>\r\n\r\n<\/div>\n\n\r\n\r\n    <\/div>\r\n\r\n","protected":false},"excerpt":{"rendered":"M\u0113s, valsts l\u012bmen\u012b, strauji att\u012bstamies digitaliz\u0101cijas jom\u0101. Protams viens no iemesliem ir strauja tehnolo\u0123iju att\u012bst\u012bba un otrs \u2013 piepras\u012bjums tirg\u016b p\u0113c operat\u012bv\u0101s un kvalitat\u012bv\u0101s komunik\u0101cijas. Ir izveidoti un att\u012bst\u0101s vair\u0101ki port\u0101li, e-pakalpojumi, kurus m\u0113s lietojam regul\u0101ri un kuri \u013coti pal\u012bdz operativi risin\u0101t da\u017e\u0101dus jaut\u0101jumus \u2013 Latvija.lv, CSDD e-pakalpojumi , e-paraksts, e-klase\u2026. Ta\u010du m\u0113s grib\u0113tu pieverst [&hellip;]","protected":false},"author":1,"featured_media":0,"parent":0,"menu_order":0,"comment_status":"closed","ping_status":"closed","template":"","meta":{"_acf_changed":false,"footnotes":""},"class_list":["post-338","page","type-page","status-publish","hentry"],"acf":[],"yoast_head":"<!-- This site is optimized with the Yoast SEO plugin v27.3 - https:\/\/yoast.com\/product\/yoast-seo-wordpress\/ -->\n<title>Vieda pils\u0113ta un valsts - CSC Telecom<\/title>\n<meta name=\"robots\" content=\"index, follow, max-snippet:-1, max-image-preview:large, max-video-preview:-1\" \/>\n<link rel=\"canonical\" href=\"https:\/\/csc.lv\/lv\/smart-city-and-country\/\" \/>\n<meta property=\"og:locale\" content=\"lv_LV\" \/>\n<meta property=\"og:type\" content=\"article\" \/>\n<meta property=\"og:title\" content=\"Vieda pils\u0113ta un valsts - CSC Telecom\" \/>\n<meta property=\"og:description\" content=\"M\u0113s, valsts l\u012bmen\u012b, strauji att\u012bstamies digitaliz\u0101cijas jom\u0101. Protams viens no iemesliem ir strauja tehnolo\u0123iju att\u012bst\u012bba un otrs \u2013 piepras\u012bjums tirg\u016b p\u0113c operat\u012bv\u0101s un kvalitat\u012bv\u0101s komunik\u0101cijas. Ir izveidoti un att\u012bst\u0101s vair\u0101ki port\u0101li, e-pakalpojumi, kurus m\u0113s lietojam regul\u0101ri un kuri \u013coti pal\u012bdz operativi risin\u0101t da\u017e\u0101dus jaut\u0101jumus \u2013 Latvija.lv, CSDD e-pakalpojumi , e-paraksts, e-klase\u2026. Ta\u010du m\u0113s grib\u0113tu pieverst [&hellip;]\" \/>\n<meta property=\"og:url\" content=\"https:\/\/csc.lv\/lv\/smart-city-and-country\/\" \/>\n<meta property=\"og:site_name\" content=\"CSC Telecom\" \/>\n<meta property=\"article:modified_time\" content=\"2020-04-10T11:40:19+00:00\" \/>\n<meta name=\"twitter:card\" content=\"summary_large_image\" \/>\n<meta name=\"twitter:label1\" content=\"Est. reading time\" \/>\n\t<meta name=\"twitter:data1\" content=\"3 minutes\" \/>\n<script type=\"application\/ld+json\" class=\"yoast-schema-graph\">{\"@context\":\"https:\\\/\\\/schema.org\",\"@graph\":[{\"@type\":\"WebPage\",\"@id\":\"https:\\\/\\\/csc.lv\\\/lv\\\/smart-city-and-country\\\/\",\"url\":\"https:\\\/\\\/csc.lv\\\/lv\\\/smart-city-and-country\\\/\",\"name\":\"Vieda pils\u0113ta un valsts - CSC Telecom\",\"isPartOf\":{\"@id\":\"https:\\\/\\\/csc.lv\\\/lv\\\/#website\"},\"datePublished\":\"2020-02-20T15:38:11+00:00\",\"dateModified\":\"2020-04-10T11:40:19+00:00\",\"breadcrumb\":{\"@id\":\"https:\\\/\\\/csc.lv\\\/lv\\\/smart-city-and-country\\\/#breadcrumb\"},\"inLanguage\":\"lv-LV\",\"potentialAction\":[{\"@type\":\"ReadAction\",\"target\":[\"https:\\\/\\\/csc.lv\\\/lv\\\/smart-city-and-country\\\/\"]}]},{\"@type\":\"BreadcrumbList\",\"@id\":\"https:\\\/\\\/csc.lv\\\/lv\\\/smart-city-and-country\\\/#breadcrumb\",\"itemListElement\":[{\"@type\":\"ListItem\",\"position\":1,\"name\":\"Home\",\"item\":\"https:\\\/\\\/csc.lv\\\/lv\\\/\"},{\"@type\":\"ListItem\",\"position\":2,\"name\":\"Vieda pils\u0113ta un valsts\"}]},{\"@type\":\"WebSite\",\"@id\":\"https:\\\/\\\/csc.lv\\\/lv\\\/#website\",\"url\":\"https:\\\/\\\/csc.lv\\\/lv\\\/\",\"name\":\"CSC Telecom\",\"description\":\"\",\"potentialAction\":[{\"@type\":\"SearchAction\",\"target\":{\"@type\":\"EntryPoint\",\"urlTemplate\":\"https:\\\/\\\/csc.lv\\\/lv\\\/?s={search_term_string}\"},\"query-input\":{\"@type\":\"PropertyValueSpecification\",\"valueRequired\":true,\"valueName\":\"search_term_string\"}}],\"inLanguage\":\"lv-LV\"}]}<\/script>\n<!-- \/ Yoast SEO plugin. -->","yoast_head_json":{"title":"Vieda pils\u0113ta un valsts - CSC Telecom","robots":{"index":"index","follow":"follow","max-snippet":"max-snippet:-1","max-image-preview":"max-image-preview:large","max-video-preview":"max-video-preview:-1"},"canonical":"https:\/\/csc.lv\/lv\/smart-city-and-country\/","og_locale":"lv_LV","og_type":"article","og_title":"Vieda pils\u0113ta un valsts - CSC Telecom","og_description":"M\u0113s, valsts l\u012bmen\u012b, strauji att\u012bstamies digitaliz\u0101cijas jom\u0101. Protams viens no iemesliem ir strauja tehnolo\u0123iju att\u012bst\u012bba un otrs \u2013 piepras\u012bjums tirg\u016b p\u0113c operat\u012bv\u0101s un kvalitat\u012bv\u0101s komunik\u0101cijas. Ir izveidoti un att\u012bst\u0101s vair\u0101ki port\u0101li, e-pakalpojumi, kurus m\u0113s lietojam regul\u0101ri un kuri \u013coti pal\u012bdz operativi risin\u0101t da\u017e\u0101dus jaut\u0101jumus \u2013 Latvija.lv, CSDD e-pakalpojumi , e-paraksts, e-klase\u2026. Ta\u010du m\u0113s grib\u0113tu pieverst [&hellip;]","og_url":"https:\/\/csc.lv\/lv\/smart-city-and-country\/","og_site_name":"CSC Telecom","article_modified_time":"2020-04-10T11:40:19+00:00","twitter_card":"summary_large_image","twitter_misc":{"Est. reading time":"3 minutes"},"schema":{"@context":"https:\/\/schema.org","@graph":[{"@type":"WebPage","@id":"https:\/\/csc.lv\/lv\/smart-city-and-country\/","url":"https:\/\/csc.lv\/lv\/smart-city-and-country\/","name":"Vieda pils\u0113ta un valsts - CSC Telecom","isPartOf":{"@id":"https:\/\/csc.lv\/lv\/#website"},"datePublished":"2020-02-20T15:38:11+00:00","dateModified":"2020-04-10T11:40:19+00:00","breadcrumb":{"@id":"https:\/\/csc.lv\/lv\/smart-city-and-country\/#breadcrumb"},"inLanguage":"lv-LV","potentialAction":[{"@type":"ReadAction","target":["https:\/\/csc.lv\/lv\/smart-city-and-country\/"]}]},{"@type":"BreadcrumbList","@id":"https:\/\/csc.lv\/lv\/smart-city-and-country\/#breadcrumb","itemListElement":[{"@type":"ListItem","position":1,"name":"Home","item":"https:\/\/csc.lv\/lv\/"},{"@type":"ListItem","position":2,"name":"Vieda pils\u0113ta un valsts"}]},{"@type":"WebSite","@id":"https:\/\/csc.lv\/lv\/#website","url":"https:\/\/csc.lv\/lv\/","name":"CSC Telecom","description":"","potentialAction":[{"@type":"SearchAction","target":{"@type":"EntryPoint","urlTemplate":"https:\/\/csc.lv\/lv\/?s={search_term_string}"},"query-input":{"@type":"PropertyValueSpecification","valueRequired":true,"valueName":"search_term_string"}}],"inLanguage":"lv-LV"}]}},"_links":{"self":[{"href":"https:\/\/csc.lv\/lv\/wp-json\/wp\/v2\/pages\/338","targetHints":{"allow":["GET"]}}],"collection":[{"href":"https:\/\/csc.lv\/lv\/wp-json\/wp\/v2\/pages"}],"about":[{"href":"https:\/\/csc.lv\/lv\/wp-json\/wp\/v2\/types\/page"}],"author":[{"embeddable":true,"href":"https:\/\/csc.lv\/lv\/wp-json\/wp\/v2\/users\/1"}],"replies":[{"embeddable":true,"href":"https:\/\/csc.lv\/lv\/wp-json\/wp\/v2\/comments?post=338"}],"version-history":[{"count":50,"href":"https:\/\/csc.lv\/lv\/wp-json\/wp\/v2\/pages\/338\/revisions"}],"predecessor-version":[{"id":3698,"href":"https:\/\/csc.lv\/lv\/wp-json\/wp\/v2\/pages\/338\/revisions\/3698"}],"wp:attachment":[{"href":"https:\/\/csc.lv\/lv\/wp-json\/wp\/v2\/media?parent=338"}],"curies":[{"name":"wp","href":"https:\/\/api.w.org\/{rel}","templated":true}]}}