{"id":1436,"date":"2020-02-20T15:38:11","date_gmt":"2020-02-20T15:38:11","guid":{"rendered":"https:\/\/csc.lv\/smart-city-and-country\/"},"modified":"2020-06-01T12:46:07","modified_gmt":"2020-06-01T12:46:07","slug":"smart-city-and-country","status":"publish","type":"page","link":"https:\/\/csc.lv\/en\/smart-city-and-country\/","title":{"rendered":"Smart City and Country"},"content":{"rendered":"\r\n\r\n    <div class=\"container default\">\r\n\r\n\n\n\r\n<div class=\"csc-block-hero-block csc-block bg-cover js-lazy  no-text-col\" data-src=\"https:\/\/csc.lv\/wp-content\/uploads\/2020\/03\/architecture-building-glass-164572-1920x1280.jpg\" data-an-type=\"single\" data-an=\"fade-in-from-bottom\">\r\n    <div class=\"block-content container narrow-2 flex\">\r\n\r\n        <div class=\"title-col\">\r\n                            <h2 class=\"title h1 small c-white\">Smart City and Country<\/h2>\r\n                    <\/div>\r\n\r\n        \r\n    <\/div>\r\n<\/div>\n\n\r\n\r\n\r\n<div class=\"csc-block-spacer csc-block\" id=\"spacer-block_5e564597068ba\">\r\n\r\n    <style>\r\n\r\n        #spacer-block_5e564597068ba {\r\n\r\n            height: 33px;\r\n\r\n        }\r\n\r\n\r\n\r\n        \r\n\r\n\r\n        \r\n    <\/style>\r\n\r\n<\/div>\n\n\r\n\r\n    <\/div>\r\n\r\n\n\n\r\n\r\n    <div class=\"container narrow-4\">\r\n\r\n\n\n\n<div class=\"wp-block-columns main-columns sidebar-justify is-layout-flex wp-container-core-columns-is-layout-9d6595d7 wp-block-columns-is-layout-flex\">\n<div class=\"wp-block-column is-layout-flow wp-block-column-is-layout-flow\" style=\"flex-basis:33.33%\">\r\n\r\n\r\n<div class=\"csc-block-quote  csc-block\" data-an-type=\"single\" data-an=\"fade-in-from-bottom\">\r\n\r\n    <div class=\"quote editor\"><p>\u201c\u2026The idea for the EIS \u2013 Services Catalogue \u2013 is very good, but unfortunately it is not possible to enter it with new and innovative products; not until the product becomes demanded in the public sector..\u201d<\/p>\n<\/div>\r\n\r\n<\/div>\n\n\r\n\r\n\r\n<div class=\"csc-block-quote  csc-block\" data-an-type=\"single\" data-an=\"fade-in-from-bottom\">\r\n\r\n    <div class=\"quote editor\"><p>\u201cHave you noticed how young people communicate? They don&#8217;t call. They type \u2013 chat, SMS, social networks, email..\u201d <\/p>\n<\/div>\r\n\r\n<\/div><\/div>\n\n\n\n<div class=\"wp-block-column is-layout-flow wp-block-column-is-layout-flow\" style=\"flex-basis:66.66%\">\n<h4 class=\"wp-block-heading\">At the national level, we are rapidly developing in the field of digitisation. Of course, one of the reasons is the rapid development of technology and the other is the market demand for operational and high-quality communication.<\/h4>\n\n\n\n<p>Several portals and e-services have been created and are still developing, which we use regularly as they offer huge help in solving various issues operatively \u2013 Latvija.lv, CSDD e-services, e-signature, e-class\u2026<\/p>\n\n\n\n<p>However, we would like to draw attention to the Electronic Procurement System, which is being used more often by state and local authorities for announcing their procurements. For us, as a service provider, it offered a significantly facilitated process in the preparation and submission of tenders, and we assume that the introduction of EIS in public institutions also helped to optimise the work of the procurement commissions. However, the EIS is a very complex structure and is not easy for newly registered users to use. The idea for the EIS \u2013 Services Catalogue \u2013 is very good, but unfortunately it is not possible to enter it with new and innovative products; not until the product becomes demanded in the public sector. It is like a vicious circle!<\/p>\n\n\n\n<p>A tendency can be seen in state and local government towards centralisation. But it is important here not to lose sight of its purpose, because it only makes sense if the whole establishment is also managed centrally. Otherwise, competition will be artificially reduced and there will be no more talk of the development of new services.<\/p>\n\n\n\n<p>New products, new ideas\u2026 This is our new generation, who are currently studying at schools, but soon will become full members of our society. They will become customers of the public administration and citizens who will be users of their services.<br>Have you noticed how young people communicate? They don't call. They type \u2013 chat, SMS, social networks, email.<br>In our opinion, state and local communication should become much easier, faster and more accessible to citizens and entrepreneurs. And only then will our desire arise to actively express our thoughts and opinions, when we will be sure of not being obliged to meet in person just to submit a pile of documents for one stamp or wait for a response from a public authority for weeks.<br>Why should we not create an operational population survey with a voting system on a particular issue before adopting a regulation or law? Probably, the results of such voting will lead to a completely different solution to the issue...<\/p>\n\n\n\n<p>The more friendly and more open the public administration's communication with the population and entrepreneurs becomes, the easier and even faster the country's development will be. Our young people with innovative thinking will not look for better \u201clands\u201d, but will stay here to make their dreams come true!<\/p>\n\n\n\n<p><strong><em>AN\u017dELIKA \u010cI\u013bIMOVA<\/em><\/strong>, Head of the State and Local Government Sector of CSC Telecom<\/p>\n\n\n\n<p>\u201cDigitaliz\u0113ti un moderni valsts un pa\u0161vald\u012bbu komunik\u0101ciju procesi\u201d  BiSMART 30.04.2019.<\/p>\n<\/div>\n<\/div>\n\n\n\r\n\r\n\r\n<div class=\"csc-block-spacer csc-block\" id=\"spacer-block_5e56486c068bc\">\r\n\r\n    <style>\r\n\r\n        #spacer-block_5e56486c068bc {\r\n\r\n            height: 90px;\r\n\r\n        }\r\n\r\n\r\n\r\n        \r\n\r\n\r\n        \r\n    <\/style>\r\n\r\n<\/div>\n\n\n\n\r\n\r\n\r\n<div class=\"csc-block-spacer csc-block\" id=\"spacer-block_5ed4f5f404f89\">\r\n\r\n    <style>\r\n\r\n        #spacer-block_5ed4f5f404f89 {\r\n\r\n            height: 50px;\r\n\r\n        }\r\n\r\n\r\n\r\n        \r\n\r\n\r\n        \r\n    <\/style>\r\n\r\n<\/div>\n\n\r\n\r\n\r\n<div class=\"csc-block-contact-form csc-block\">\r\n\r\n\r\n\r\n    \r\n        <h3 class=\"title h3 text-center\">Contact Us<\/h3>\r\n\r\n    \r\n\r\n\r\n    \r\n        <div class=\"container narrow-5\">\r\n\r\n            \n<div class=\"wpcf7 no-js\" id=\"wpcf7-f1542-o1\" lang=\"lv-LV\" dir=\"ltr\" data-wpcf7-id=\"1542\">\n<div class=\"screen-reader-response\"><p role=\"status\" aria-live=\"polite\" aria-atomic=\"true\"><\/p> <ul><\/ul><\/div>\n<form action=\"\/en\/wp-json\/wp\/v2\/pages\/1436#wpcf7-f1542-o1\" method=\"post\" class=\"wpcf7-form init\" aria-label=\"Contact form\" novalidate=\"novalidate\" data-status=\"init\">\n<fieldset class=\"hidden-fields-container\"><input type=\"hidden\" name=\"_wpcf7\" value=\"1542\" \/><input type=\"hidden\" name=\"_wpcf7_version\" value=\"6.1.5\" \/><input type=\"hidden\" name=\"_wpcf7_locale\" value=\"lv_LV\" \/><input type=\"hidden\" name=\"_wpcf7_unit_tag\" value=\"wpcf7-f1542-o1\" \/><input type=\"hidden\" name=\"_wpcf7_container_post\" value=\"0\" \/><input type=\"hidden\" name=\"_wpcf7_posted_data_hash\" value=\"\" \/>\n<\/fieldset>\n<div class=\"c-row-1 c-row\">\n  <div class=\"c-col\" data-an-type=\"single\" data-an=\"fade-in-from-left\">\n    <label class=\"input-block\">\n      <span class=\"label\">Your name<\/span>\n      <div class=\"input-wrap\">\n        <span class=\"wpcf7-form-control-wrap\" data-name=\"your-name\"><input size=\"40\" maxlength=\"400\" class=\"wpcf7-form-control wpcf7-text wpcf7-validates-as-required input\" aria-required=\"true\" aria-invalid=\"false\" value=\"\" type=\"text\" name=\"your-name\" \/><\/span>\n      <\/div>\n    <\/label>\n<span id=\"wpcf7-69ea68b475ec4-wrapper\" class=\"wpcf7-form-control-wrap your-first-name-wrap\" style=\"display:none !important; visibility:hidden !important;\"><label for=\"wpcf7-69ea68b475ec4-field\" class=\"hp-message\">Please leave this field empty.<\/label><input id=\"wpcf7-69ea68b475ec4-field\"  class=\"wpcf7-form-control wpcf7-text\" type=\"text\" name=\"your-first-name\" value=\"\" size=\"40\" tabindex=\"-1\" autocomplete=\"new-password\" \/><\/span>\n    <label class=\"input-block\">\n      <span class=\"label\">E-mail<\/span>\n      <div class=\"input-wrap\">\n        <span class=\"wpcf7-form-control-wrap\" data-name=\"your-email\"><input size=\"40\" maxlength=\"400\" class=\"wpcf7-form-control wpcf7-email wpcf7-validates-as-required wpcf7-text wpcf7-validates-as-email input\" aria-required=\"true\" aria-invalid=\"false\" value=\"\" type=\"email\" name=\"your-email\" \/><\/span>\n      <\/div>\n    <\/label>\n<span id=\"wpcf7-69ea68b475f6d-wrapper\" class=\"wpcf7-form-control-wrap your-company-wrap\" style=\"display:none !important; visibility:hidden !important;\"><label for=\"wpcf7-69ea68b475f6d-field\" class=\"hp-message\">Please leave this field empty.<\/label><input id=\"wpcf7-69ea68b475f6d-field\"  class=\"wpcf7-form-control wpcf7-text\" type=\"text\" name=\"your-company\" value=\"\" size=\"40\" tabindex=\"-1\" autocomplete=\"new-password\" \/><\/span>\n    <label class=\"input-block\">\n      <span class=\"label\">\u041a\u043e\u043c\u043f\u0430\u043d\u0438\u044f<\/span>\n      <div class=\"input-wrap\">\n        <span class=\"wpcf7-form-control-wrap\" data-name=\"text-company\"><input size=\"40\" maxlength=\"400\" class=\"wpcf7-form-control wpcf7-text wpcf7-validates-as-required input\" aria-required=\"true\" aria-invalid=\"false\" value=\"\" type=\"text\" name=\"text-company\" \/><\/span>\n      <\/div>\n    <\/label>\n<span id=\"wpcf7-69ea68b475fd7-wrapper\" class=\"wpcf7-form-control-wrap your-last-name-wrap\" style=\"display:none !important; visibility:hidden !important;\"><label for=\"wpcf7-69ea68b475fd7-field\" class=\"hp-message\">Please leave this field empty.<\/label><input id=\"wpcf7-69ea68b475fd7-field\"  class=\"wpcf7-form-control wpcf7-text\" type=\"text\" name=\"your-last-name\" value=\"\" size=\"40\" tabindex=\"-1\" autocomplete=\"new-password\" \/><\/span>\n    <label class=\"input-block\">\n      <span class=\"label\">Phone number<\/span>\n      <div class=\"input-wrap\">\n        <span class=\"wpcf7-form-control-wrap\" data-name=\"your-phone\"><input size=\"40\" maxlength=\"400\" class=\"wpcf7-form-control wpcf7-tel wpcf7-validates-as-required wpcf7-text wpcf7-validates-as-tel input\" aria-required=\"true\" aria-invalid=\"false\" value=\"\" type=\"tel\" name=\"your-phone\" \/><\/span>\n      <\/div>\n    <\/label>\n  <\/div>\n  <div class=\"c-col\" data-an-type=\"single\" data-an=\"fade-in-from-right\">\n    <label class=\"input-block\">\n      <span class=\"label\">Message<\/span>\n      <div class=\"input-wrap\">\n        <span class=\"wpcf7-form-control-wrap\" data-name=\"your-message\"><textarea cols=\"40\" rows=\"10\" maxlength=\"2000\" class=\"wpcf7-form-control wpcf7-textarea wpcf7-validates-as-required input textarea\" aria-required=\"true\" aria-invalid=\"false\" name=\"your-message\"><\/textarea><\/span>\n      <\/div>\n    <\/label>\n  <\/div>\n<span id=\"wpcf7-69ea68b476087-wrapper\" class=\"wpcf7-form-control-wrap website-wrap\" style=\"display:none !important; visibility:hidden !important;\"><label for=\"wpcf7-69ea68b476087-field\" class=\"hp-message\">Please leave this field empty.<\/label><input id=\"wpcf7-69ea68b476087-field\"  class=\"wpcf7-form-control wpcf7-text\" type=\"text\" name=\"website\" value=\"\" size=\"40\" tabindex=\"-1\" autocomplete=\"new-password\" \/><\/span>\n<\/div>\n\n<div style=\"margin: 24px 0;\"><div class=\"wpcf7-turnstile cf-turnstile\" data-sitekey=\"0x4AAAAAABkKe-b1dlxBGbAN\" data-response-field-name=\"_wpcf7_turnstile_response\"><\/div><\/div>\n\n<div class=\"c-row\">\n\n  <div class=\"c-col\" data-an-type=\"single\" data-an=\"fade-in-from-right\">\n    <div class=\"flex\">\n      <div class=\"submit-wrap m-l-auto\">\n        <input class=\"wpcf7-form-control wpcf7-submit has-spinner btn btn-default large size-1\" type=\"submit\" value=\"Send\" \/>\n      <\/div>\n    <\/div>\n  <\/div>\n<\/div><div class=\"wpcf7-response-output\" aria-hidden=\"true\"><\/div>\n<\/form>\n<\/div>\n\r\n        <\/div>\r\n\r\n    \r\n\r\n\r\n<\/div>\n\n\r\n\r\n\r\n<div class=\"csc-block-spacer csc-block\" id=\"spacer-block_5ed4f61f272dd\">\r\n\r\n    <style>\r\n\r\n        #spacer-block_5ed4f61f272dd {\r\n\r\n            height: 50px;\r\n\r\n        }\r\n\r\n\r\n\r\n        \r\n\r\n\r\n        \r\n    <\/style>\r\n\r\n<\/div>\n\n\r\n\r\n    <\/div>\r\n\r\n","protected":false},"excerpt":{"rendered":"At the national level, we are rapidly developing in the field of digitisation. Of course, one of the reasons is the rapid development of technology and the other is the market demand for operational and high-quality communication. Several portals and e-services have been created and are still developing, which we use regularly as they offer [&hellip;]","protected":false},"author":1,"featured_media":0,"parent":0,"menu_order":0,"comment_status":"closed","ping_status":"closed","template":"","meta":{"_acf_changed":false,"footnotes":""},"class_list":["post-1436","page","type-page","status-publish","hentry"],"acf":[],"yoast_head":"<!-- This site is optimized with the Yoast SEO plugin v27.4 - https:\/\/yoast.com\/product\/yoast-seo-wordpress\/ -->\n<title>Smart City and Country - CSC Telecom<\/title>\n<meta name=\"robots\" content=\"index, follow, max-snippet:-1, max-image-preview:large, max-video-preview:-1\" \/>\n<link rel=\"canonical\" href=\"https:\/\/csc.lv\/en\/smart-city-and-country\/\" \/>\n<meta property=\"og:locale\" content=\"en_US\" \/>\n<meta property=\"og:type\" content=\"article\" \/>\n<meta property=\"og:title\" content=\"Smart City and Country - CSC Telecom\" \/>\n<meta property=\"og:description\" content=\"At the national level, we are rapidly developing in the field of digitisation. Of course, one of the reasons is the rapid development of technology and the other is the market demand for operational and high-quality communication. Several portals and e-services have been created and are still developing, which we use regularly as they offer [&hellip;]\" \/>\n<meta property=\"og:url\" content=\"https:\/\/csc.lv\/en\/smart-city-and-country\/\" \/>\n<meta property=\"og:site_name\" content=\"CSC Telecom\" \/>\n<meta property=\"article:modified_time\" content=\"2020-06-01T12:46:07+00:00\" \/>\n<meta name=\"twitter:card\" content=\"summary_large_image\" \/>\n<meta name=\"twitter:label1\" content=\"Est. reading time\" \/>\n\t<meta name=\"twitter:data1\" content=\"2 minutes\" \/>\n<script type=\"application\/ld+json\" class=\"yoast-schema-graph\">{\"@context\":\"https:\\\/\\\/schema.org\",\"@graph\":[{\"@type\":\"WebPage\",\"@id\":\"https:\\\/\\\/csc.lv\\\/en\\\/smart-city-and-country\\\/\",\"url\":\"https:\\\/\\\/csc.lv\\\/en\\\/smart-city-and-country\\\/\",\"name\":\"Smart City and Country - CSC Telecom\",\"isPartOf\":{\"@id\":\"https:\\\/\\\/csc.lv\\\/lv\\\/#website\"},\"datePublished\":\"2020-02-20T15:38:11+00:00\",\"dateModified\":\"2020-06-01T12:46:07+00:00\",\"breadcrumb\":{\"@id\":\"https:\\\/\\\/csc.lv\\\/en\\\/smart-city-and-country\\\/#breadcrumb\"},\"inLanguage\":\"en-US\",\"potentialAction\":[{\"@type\":\"ReadAction\",\"target\":[\"https:\\\/\\\/csc.lv\\\/en\\\/smart-city-and-country\\\/\"]}]},{\"@type\":\"BreadcrumbList\",\"@id\":\"https:\\\/\\\/csc.lv\\\/en\\\/smart-city-and-country\\\/#breadcrumb\",\"itemListElement\":[{\"@type\":\"ListItem\",\"position\":1,\"name\":\"Home\",\"item\":\"https:\\\/\\\/csc.lv\\\/en\\\/\"},{\"@type\":\"ListItem\",\"position\":2,\"name\":\"Smart City and Country\"}]},{\"@type\":\"WebSite\",\"@id\":\"https:\\\/\\\/csc.lv\\\/lv\\\/#website\",\"url\":\"https:\\\/\\\/csc.lv\\\/lv\\\/\",\"name\":\"CSC Telecom\",\"description\":\"\",\"potentialAction\":[{\"@type\":\"SearchAction\",\"target\":{\"@type\":\"EntryPoint\",\"urlTemplate\":\"https:\\\/\\\/csc.lv\\\/lv\\\/?s={search_term_string}\"},\"query-input\":{\"@type\":\"PropertyValueSpecification\",\"valueRequired\":true,\"valueName\":\"search_term_string\"}}],\"inLanguage\":\"en-US\"}]}<\/script>\n<!-- \/ Yoast SEO plugin. -->","yoast_head_json":{"title":"Smart City and Country - CSC Telecom","robots":{"index":"index","follow":"follow","max-snippet":"max-snippet:-1","max-image-preview":"max-image-preview:large","max-video-preview":"max-video-preview:-1"},"canonical":"https:\/\/csc.lv\/en\/smart-city-and-country\/","og_locale":"en_US","og_type":"article","og_title":"Smart City and Country - CSC Telecom","og_description":"At the national level, we are rapidly developing in the field of digitisation. Of course, one of the reasons is the rapid development of technology and the other is the market demand for operational and high-quality communication. Several portals and e-services have been created and are still developing, which we use regularly as they offer [&hellip;]","og_url":"https:\/\/csc.lv\/en\/smart-city-and-country\/","og_site_name":"CSC Telecom","article_modified_time":"2020-06-01T12:46:07+00:00","twitter_card":"summary_large_image","twitter_misc":{"Est. reading time":"2 minutes"},"schema":{"@context":"https:\/\/schema.org","@graph":[{"@type":"WebPage","@id":"https:\/\/csc.lv\/en\/smart-city-and-country\/","url":"https:\/\/csc.lv\/en\/smart-city-and-country\/","name":"Smart City and Country - CSC Telecom","isPartOf":{"@id":"https:\/\/csc.lv\/lv\/#website"},"datePublished":"2020-02-20T15:38:11+00:00","dateModified":"2020-06-01T12:46:07+00:00","breadcrumb":{"@id":"https:\/\/csc.lv\/en\/smart-city-and-country\/#breadcrumb"},"inLanguage":"en-US","potentialAction":[{"@type":"ReadAction","target":["https:\/\/csc.lv\/en\/smart-city-and-country\/"]}]},{"@type":"BreadcrumbList","@id":"https:\/\/csc.lv\/en\/smart-city-and-country\/#breadcrumb","itemListElement":[{"@type":"ListItem","position":1,"name":"Home","item":"https:\/\/csc.lv\/en\/"},{"@type":"ListItem","position":2,"name":"Smart City and Country"}]},{"@type":"WebSite","@id":"https:\/\/csc.lv\/lv\/#website","url":"https:\/\/csc.lv\/lv\/","name":"CSC Telecom","description":"","potentialAction":[{"@type":"SearchAction","target":{"@type":"EntryPoint","urlTemplate":"https:\/\/csc.lv\/lv\/?s={search_term_string}"},"query-input":{"@type":"PropertyValueSpecification","valueRequired":true,"valueName":"search_term_string"}}],"inLanguage":"en-US"}]}},"_links":{"self":[{"href":"https:\/\/csc.lv\/en\/wp-json\/wp\/v2\/pages\/1436","targetHints":{"allow":["GET"]}}],"collection":[{"href":"https:\/\/csc.lv\/en\/wp-json\/wp\/v2\/pages"}],"about":[{"href":"https:\/\/csc.lv\/en\/wp-json\/wp\/v2\/types\/page"}],"author":[{"embeddable":true,"href":"https:\/\/csc.lv\/en\/wp-json\/wp\/v2\/users\/1"}],"replies":[{"embeddable":true,"href":"https:\/\/csc.lv\/en\/wp-json\/wp\/v2\/comments?post=1436"}],"version-history":[{"count":12,"href":"https:\/\/csc.lv\/en\/wp-json\/wp\/v2\/pages\/1436\/revisions"}],"predecessor-version":[{"id":1966,"href":"https:\/\/csc.lv\/en\/wp-json\/wp\/v2\/pages\/1436\/revisions\/1966"}],"wp:attachment":[{"href":"https:\/\/csc.lv\/en\/wp-json\/wp\/v2\/media?parent=1436"}],"curies":[{"name":"wp","href":"https:\/\/api.w.org\/{rel}","templated":true}]}}